{"id":2344,"date":"2021-03-10T13:27:39","date_gmt":"2021-03-10T12:27:39","guid":{"rendered":"https:\/\/tellmann-consulting.com\/management\/"},"modified":"2021-05-17T11:27:33","modified_gmt":"2021-05-17T09:27:33","slug":"management","status":"publish","type":"page","link":"https:\/\/tellmann-consulting.com\/en\/management\/","title":{"rendered":"Management"},"content":{"rendered":"\t\t<div data-elementor-type=\"wp-page\" data-elementor-id=\"2344\" class=\"elementor elementor-2344 elementor-1116\" data-elementor-settings=\"{&quot;ha_cmc_init_switcher&quot;:&quot;no&quot;}\">\n\t\t\t\t\t\t<section class=\"elementor-section elementor-top-section elementor-element elementor-element-f8aa30b elementor-section-boxed elementor-section-height-default elementor-section-height-default\" data-id=\"f8aa30b\" data-element_type=\"section\" data-e-type=\"section\" data-settings=\"{&quot;_ha_eqh_enable&quot;:false}\">\n\t\t\t\t\t\t<div class=\"elementor-container elementor-column-gap-default\">\n\t\t\t\t\t<div class=\"elementor-column elementor-col-100 elementor-top-column elementor-element elementor-element-3e7f47f\" data-id=\"3e7f47f\" data-element_type=\"column\" data-e-type=\"column\">\n\t\t\t<div class=\"elementor-widget-wrap elementor-element-populated\">\n\t\t\t\t\t\t<div class=\"elementor-element elementor-element-5a5bb53 elementor-invisible elementor-widget elementor-widget-image\" data-id=\"5a5bb53\" data-element_type=\"widget\" data-e-type=\"widget\" data-settings=\"{&quot;_animation&quot;:&quot;zoomIn&quot;}\" data-widget_type=\"image.default\">\n\t\t\t\t<div class=\"elementor-widget-container\">\n\t\t\t\t\t\t\t\t\t\t\t\t\t\t\t<img fetchpriority=\"high\" decoding=\"async\" width=\"768\" height=\"533\" src=\"https:\/\/tellmann-consulting.com\/wp-content\/uploads\/2021\/03\/Tellmann-Ralf-01-Querformat-optimiert1-768x533.jpg\" class=\"attachment-medium_large size-medium_large wp-image-2345\" alt=\"\" srcset=\"https:\/\/tellmann-consulting.com\/wp-content\/uploads\/2021\/03\/Tellmann-Ralf-01-Querformat-optimiert1-768x533.jpg 768w, https:\/\/tellmann-consulting.com\/wp-content\/uploads\/2021\/03\/Tellmann-Ralf-01-Querformat-optimiert1-300x208.jpg 300w, https:\/\/tellmann-consulting.com\/wp-content\/uploads\/2021\/03\/Tellmann-Ralf-01-Querformat-optimiert1-1024x711.jpg 1024w, https:\/\/tellmann-consulting.com\/wp-content\/uploads\/2021\/03\/Tellmann-Ralf-01-Querformat-optimiert1.jpg 1121w\" sizes=\"(max-width: 768px) 100vw, 768px\" \/>\t\t\t\t\t\t\t\t\t\t\t\t\t\t\t<\/div>\n\t\t\t\t<\/div>\n\t\t\t\t<div class=\"elementor-element elementor-element-04a2a98 elementor-widget elementor-widget-spacer\" data-id=\"04a2a98\" data-element_type=\"widget\" data-e-type=\"widget\" data-widget_type=\"spacer.default\">\n\t\t\t\t<div class=\"elementor-widget-container\">\n\t\t\t\t\t\t\t<div class=\"elementor-spacer\">\n\t\t\t<div class=\"elementor-spacer-inner\"><\/div>\n\t\t<\/div>\n\t\t\t\t\t\t<\/div>\n\t\t\t\t<\/div>\n\t\t\t\t\t<\/div>\n\t\t<\/div>\n\t\t\t\t\t<\/div>\n\t\t<\/section>\n\t\t\t\t<section class=\"elementor-section elementor-top-section elementor-element elementor-element-f698500 elementor-section-boxed elementor-section-height-default elementor-section-height-default\" data-id=\"f698500\" data-element_type=\"section\" data-e-type=\"section\" data-settings=\"{&quot;_ha_eqh_enable&quot;:false}\">\n\t\t\t\t\t\t<div class=\"elementor-container elementor-column-gap-default\">\n\t\t\t\t\t<div class=\"elementor-column elementor-col-100 elementor-top-column elementor-element elementor-element-c2e6dd1\" data-id=\"c2e6dd1\" data-element_type=\"column\" data-e-type=\"column\">\n\t\t\t<div class=\"elementor-widget-wrap elementor-element-populated\">\n\t\t\t\t\t\t<div class=\"elementor-element elementor-element-1516630 elementor-widget elementor-widget-text-editor\" data-id=\"1516630\" data-element_type=\"widget\" data-e-type=\"widget\" data-widget_type=\"text-editor.default\">\n\t\t\t\t<div class=\"elementor-widget-container\">\n\t\t\t\t\t\t\t\t\t<h2><strong>Management<\/strong><\/h2>\t\t\t\t\t\t\t\t<\/div>\n\t\t\t\t<\/div>\n\t\t\t\t<div class=\"elementor-element elementor-element-1791e5a elementor-widget elementor-widget-text-editor\" data-id=\"1791e5a\" data-element_type=\"widget\" data-e-type=\"widget\" data-widget_type=\"text-editor.default\">\n\t\t\t\t<div class=\"elementor-widget-container\">\n\t\t\t\t\t\t\t\t\t<p>Ralf Tellmann, born in 1965, is the managing director of Tellmann Consulting GmbH, as well as a shareholder. After a career as an officer in the German Armed Forces and a degree in Business Economics in Munich, he joined Deutsche Lufthansa AG, where he carried out numerous international purchasing projects within the Lufthansa Group and the Star Alliance, including the establishment of global call centres or the conclusion of Group and Star Alliance framework agreements. As commercial manager and authorised signatory, he then helped build up Lufthansa eCommerce GmbH.<\/p>\t\t\t\t\t\t\t\t<\/div>\n\t\t\t\t<\/div>\n\t\t\t\t<div class=\"elementor-element elementor-element-9b7ff10 elementor-widget elementor-widget-image\" data-id=\"9b7ff10\" data-element_type=\"widget\" data-e-type=\"widget\" data-widget_type=\"image.default\">\n\t\t\t\t<div class=\"elementor-widget-container\">\n\t\t\t\t\t\t\t\t\t\t\t\t\t\t\t<img decoding=\"async\" width=\"1024\" height=\"822\" src=\"https:\/\/tellmann-consulting.com\/wp-content\/uploads\/2021\/03\/zeitstrahl-vertikal-1-1024x822.png\" class=\"attachment-large size-large wp-image-1046\" alt=\"Tellmann Consulting GmbH Zeitstrahl\" srcset=\"https:\/\/tellmann-consulting.com\/wp-content\/uploads\/2021\/03\/zeitstrahl-vertikal-1-1024x822.png 1024w, https:\/\/tellmann-consulting.com\/wp-content\/uploads\/2021\/03\/zeitstrahl-vertikal-1-300x241.png 300w, https:\/\/tellmann-consulting.com\/wp-content\/uploads\/2021\/03\/zeitstrahl-vertikal-1-768x617.png 768w, https:\/\/tellmann-consulting.com\/wp-content\/uploads\/2021\/03\/zeitstrahl-vertikal-1.png 1250w\" sizes=\"(max-width: 1024px) 100vw, 1024px\" \/>\t\t\t\t\t\t\t\t\t\t\t\t\t\t\t<\/div>\n\t\t\t\t<\/div>\n\t\t\t\t<div class=\"elementor-element elementor-element-827288d elementor-widget elementor-widget-text-editor\" data-id=\"827288d\" data-element_type=\"widget\" data-e-type=\"widget\" data-widget_type=\"text-editor.default\">\n\t\t\t\t<div class=\"elementor-widget-container\">\n\t\t\t\t\t\t\t\t\t<p>Afterwards, he held various management positions in purchasing and provider management at Dresdner Bank and the Allianz Group, where he was responsible for strategic purchasing and governance in outsourcing projects, for example. As division manager, he was responsible for tourism purchasing at a subsidiary of TUI Group PLC, where package tours and round trips were \u2018produced\u2019 for online sales channels.<\/p><p>In 2009, he founded Tellmann Consulting with a focus on purchasing and travel management, where consultants and interim managers not only advise companies globally, but also implement projects worldwide. Since 2013, he has been continuously expanding the business areas of Tellmann Consulting GmbH in order to contribute his experience and add value to medium-sized businesses and corporate groups across the world.<\/p><p>Tellmann Consulting GmbH has significantly shaped the commercial, sales and tourism development of the 50% shareholding (ELG Eco Lodges GmbH) as part of a business development project. Through profound know-how and many years of experience, Ralf and his partner have given the company ELG Eco Lodges GmbH (www.eco-lodges.de) &#8211; the online tourism for high-quality lodges in unique waterfront and natural locations &#8211; a new sustainable and tourism-focused dimension:<\/p>\t\t\t\t\t\t\t\t<\/div>\n\t\t\t\t<\/div>\n\t\t\t\t\t<\/div>\n\t\t<\/div>\n\t\t\t\t\t<\/div>\n\t\t<\/section>\n\t\t\t\t<section class=\"elementor-section elementor-top-section elementor-element elementor-element-a71c695 elementor-section-boxed elementor-section-height-default elementor-section-height-default\" data-id=\"a71c695\" data-element_type=\"section\" data-e-type=\"section\" data-settings=\"{&quot;_ha_eqh_enable&quot;:false}\">\n\t\t\t\t\t\t<div class=\"elementor-container elementor-column-gap-default\">\n\t\t\t\t\t<div class=\"elementor-column elementor-col-50 elementor-top-column elementor-element elementor-element-4e4f1d8\" data-id=\"4e4f1d8\" data-element_type=\"column\" data-e-type=\"column\">\n\t\t\t<div class=\"elementor-widget-wrap elementor-element-populated\">\n\t\t\t\t\t\t<div class=\"elementor-element elementor-element-e9693e2 elementor-widget elementor-widget-video\" data-id=\"e9693e2\" data-element_type=\"widget\" data-e-type=\"widget\" data-settings=\"{&quot;youtube_url&quot;:&quot;https:\\\/\\\/www.youtube.com\\\/watch?v=Wq4w0Pic6lg&amp;t=5s&quot;,&quot;video_type&quot;:&quot;youtube&quot;,&quot;controls&quot;:&quot;yes&quot;}\" data-widget_type=\"video.default\">\n\t\t\t\t<div class=\"elementor-widget-container\">\n\t\t\t\t\t\t\t<div class=\"elementor-wrapper elementor-open-inline\">\n\t\t\t<div class=\"elementor-video\"><\/div>\t\t<\/div>\n\t\t\t\t\t\t<\/div>\n\t\t\t\t<\/div>\n\t\t\t\t\t<\/div>\n\t\t<\/div>\n\t\t\t\t<div class=\"elementor-column elementor-col-50 elementor-top-column elementor-element elementor-element-5dc8647\" data-id=\"5dc8647\" data-element_type=\"column\" data-e-type=\"column\">\n\t\t\t<div class=\"elementor-widget-wrap elementor-element-populated\">\n\t\t\t\t\t\t<div class=\"elementor-element elementor-element-78f87ae elementor-widget elementor-widget-text-editor\" data-id=\"78f87ae\" data-element_type=\"widget\" data-e-type=\"widget\" data-widget_type=\"text-editor.default\">\n\t\t\t\t<div class=\"elementor-widget-container\">\n\t\t\t\t\t\t\t\t\t<p>Through his international network in the purchasing and travel management industry, he is already thinking far beyond current projects.<\/p>\t\t\t\t\t\t\t\t<\/div>\n\t\t\t\t<\/div>\n\t\t\t\t\t<\/div>\n\t\t<\/div>\n\t\t\t\t\t<\/div>\n\t\t<\/section>\n\t\t\t\t<section class=\"elementor-section elementor-top-section elementor-element elementor-element-45b3356 elementor-section-boxed elementor-section-height-default elementor-section-height-default\" data-id=\"45b3356\" data-element_type=\"section\" data-e-type=\"section\" data-settings=\"{&quot;_ha_eqh_enable&quot;:false}\">\n\t\t\t\t\t\t<div class=\"elementor-container elementor-column-gap-default\">\n\t\t\t\t\t<div class=\"elementor-column elementor-col-50 elementor-top-column elementor-element elementor-element-9c68388\" data-id=\"9c68388\" data-element_type=\"column\" data-e-type=\"column\">\n\t\t\t<div class=\"elementor-widget-wrap elementor-element-populated\">\n\t\t\t\t\t\t<div class=\"elementor-element elementor-element-a7dc34b elementor-widget elementor-widget-image\" data-id=\"a7dc34b\" data-element_type=\"widget\" data-e-type=\"widget\" data-widget_type=\"image.default\">\n\t\t\t\t<div class=\"elementor-widget-container\">\n\t\t\t\t\t\t\t\t\t\t\t\t\t\t\t\t<a href=\"https:\/\/tango.uber.space\/tellm\/wp-content\/uploads\/2021\/03\/2021-03-08-UNTERNEHMER-DES-MONATS-RALF-TELLMANN.pdf\">\n\t\t\t\t\t\t\t<img decoding=\"async\" width=\"600\" height=\"850\" src=\"https:\/\/tellmann-consulting.com\/wp-content\/uploads\/2021\/03\/Bild-Ralf-Tellmann-Unternehmer-des-Jahres.jpg\" class=\"attachment-large size-large wp-image-990\" alt=\"Bild-Ralf-Tellmann-Unternehmer-des-Jahres\" srcset=\"https:\/\/tellmann-consulting.com\/wp-content\/uploads\/2021\/03\/Bild-Ralf-Tellmann-Unternehmer-des-Jahres.jpg 600w, https:\/\/tellmann-consulting.com\/wp-content\/uploads\/2021\/03\/Bild-Ralf-Tellmann-Unternehmer-des-Jahres-212x300.jpg 212w\" sizes=\"(max-width: 600px) 100vw, 600px\" \/>\t\t\t\t\t\t\t\t<\/a>\n\t\t\t\t\t\t\t\t\t\t\t\t\t\t\t<\/div>\n\t\t\t\t<\/div>\n\t\t\t\t\t<\/div>\n\t\t<\/div>\n\t\t\t\t<div class=\"elementor-column elementor-col-50 elementor-top-column elementor-element elementor-element-e1459bf\" data-id=\"e1459bf\" data-element_type=\"column\" data-e-type=\"column\">\n\t\t\t<div class=\"elementor-widget-wrap elementor-element-populated\">\n\t\t\t\t\t\t<div class=\"elementor-element elementor-element-5009e95 elementor-widget elementor-widget-text-editor\" data-id=\"5009e95\" data-element_type=\"widget\" data-e-type=\"widget\" data-widget_type=\"text-editor.default\">\n\t\t\t\t<div class=\"elementor-widget-container\">\n\t\t\t\t\t\t\t\t\t<p>Meeting with Ralf Tellmann, Tellmann Consulting GmbH &#8211; Entrepreneur of the Month in ORHIDEAL IMAGE magazine, Panel of Strong Brands.<\/p>\t\t\t\t\t\t\t\t<\/div>\n\t\t\t\t<\/div>\n\t\t\t\t\t<\/div>\n\t\t<\/div>\n\t\t\t\t\t<\/div>\n\t\t<\/section>\n\t\t\t\t<\/div>\n\t\t","protected":false},"excerpt":{"rendered":"<p>Management Ralf Tellmann, born in 1965, is the managing director of Tellmann Consulting GmbH, as well as a shareholder. After a career as an officer in the German Armed Forces and a degree in Business Economics in Munich, he joined Deutsche Lufthansa AG, where he carried out numerous international purchasing projects within the Lufthansa Group [&hellip;]<\/p>\n","protected":false},"author":1,"featured_media":0,"parent":0,"menu_order":0,"comment_status":"closed","ping_status":"closed","template":"","meta":{"ocean_post_layout":"","ocean_both_sidebars_style":"","ocean_both_sidebars_content_width":0,"ocean_both_sidebars_sidebars_width":0,"ocean_sidebar":"0","ocean_second_sidebar":"0","ocean_disable_margins":"enable","ocean_add_body_class":"","ocean_shortcode_before_top_bar":"","ocean_shortcode_after_top_bar":"","ocean_shortcode_before_header":"","ocean_shortcode_after_header":"","ocean_has_shortcode":"","ocean_shortcode_after_title":"","ocean_shortcode_before_footer_widgets":"","ocean_shortcode_after_footer_widgets":"","ocean_shortcode_before_footer_bottom":"","ocean_shortcode_after_footer_bottom":"","ocean_display_top_bar":"default","ocean_display_header":"default","ocean_header_style":"","ocean_center_header_left_menu":"0","ocean_custom_header_template":"0","ocean_custom_logo":0,"ocean_custom_retina_logo":0,"ocean_custom_logo_max_width":0,"ocean_custom_logo_tablet_max_width":0,"ocean_custom_logo_mobile_max_width":0,"ocean_custom_logo_max_height":0,"ocean_custom_logo_tablet_max_height":0,"ocean_custom_logo_mobile_max_height":0,"ocean_header_custom_menu":"0","ocean_menu_typo_font_family":"0","ocean_menu_typo_font_subset":"","ocean_menu_typo_font_size":0,"ocean_menu_typo_font_size_tablet":0,"ocean_menu_typo_font_size_mobile":0,"ocean_menu_typo_font_size_unit":"px","ocean_menu_typo_font_weight":"","ocean_menu_typo_font_weight_tablet":"","ocean_menu_typo_font_weight_mobile":"","ocean_menu_typo_transform":"","ocean_menu_typo_transform_tablet":"","ocean_menu_typo_transform_mobile":"","ocean_menu_typo_line_height":0,"ocean_menu_typo_line_height_tablet":0,"ocean_menu_typo_line_height_mobile":0,"ocean_menu_typo_line_height_unit":"","ocean_menu_typo_spacing":0,"ocean_menu_typo_spacing_tablet":0,"ocean_menu_typo_spacing_mobile":0,"ocean_menu_typo_spacing_unit":"","ocean_menu_link_color":"","ocean_menu_link_color_hover":"","ocean_menu_link_color_active":"","ocean_menu_link_background":"","ocean_menu_link_hover_background":"","ocean_menu_link_active_background":"","ocean_menu_social_links_bg":"","ocean_menu_social_hover_links_bg":"","ocean_menu_social_links_color":"","ocean_menu_social_hover_links_color":"","ocean_disable_title":"default","ocean_disable_heading":"default","ocean_post_title":"","ocean_post_subheading":"","ocean_post_title_style":"","ocean_post_title_background_color":"","ocean_post_title_background":0,"ocean_post_title_bg_image_position":"","ocean_post_title_bg_image_attachment":"","ocean_post_title_bg_image_repeat":"","ocean_post_title_bg_image_size":"","ocean_post_title_height":0,"ocean_post_title_bg_overlay":0.5,"ocean_post_title_bg_overlay_color":"","ocean_disable_breadcrumbs":"default","ocean_breadcrumbs_color":"","ocean_breadcrumbs_separator_color":"","ocean_breadcrumbs_links_color":"","ocean_breadcrumbs_links_hover_color":"","ocean_display_footer_widgets":"default","ocean_display_footer_bottom":"default","ocean_custom_footer_template":"0","footnotes":""},"class_list":["post-2344","page","type-page","status-publish","hentry","entry"],"yoast_head":"<!-- This site is optimized with the Yoast SEO plugin v27.1.1 - https:\/\/yoast.com\/product\/yoast-seo-wordpress\/ -->\n<title>Management - Tellmann-Consulting<\/title>\n<meta name=\"description\" content=\"Da wir unser nachhaltiges Handeln langfristig am Markt ausrichten, vertreten wir ehrlichen und kooperativen Leitgedanken. Ralf Tellmann ist Gr\u00fcnder, Inhaber und Gesch\u00e4ftsf\u00fchrer der Tellmann Consulting GmbH. Wir arbeiten mit einem verl\u00e4sslichen und erfahrenen Netzwerk, um den W\u00fcnschen des Kunden gerecht zu werden. Referenzen k\u00f6nnen wir mit \u00fcber 25 Jahren Berufserfahrung aufweisen\" \/>\n<meta name=\"robots\" content=\"index, follow, max-snippet:-1, max-image-preview:large, max-video-preview:-1\" \/>\n<link rel=\"canonical\" href=\"https:\/\/tellmann-consulting.com\/en\/management\/\" \/>\n<meta property=\"og:locale\" content=\"en_US\" \/>\n<meta property=\"og:type\" content=\"article\" \/>\n<meta property=\"og:title\" content=\"Management - Tellmann-Consulting\" \/>\n<meta property=\"og:description\" content=\"Da wir unser nachhaltiges Handeln langfristig am Markt ausrichten, vertreten wir ehrlichen und kooperativen Leitgedanken. Ralf Tellmann ist Gr\u00fcnder, Inhaber und Gesch\u00e4ftsf\u00fchrer der Tellmann Consulting GmbH. Wir arbeiten mit einem verl\u00e4sslichen und erfahrenen Netzwerk, um den W\u00fcnschen des Kunden gerecht zu werden. Referenzen k\u00f6nnen wir mit \u00fcber 25 Jahren Berufserfahrung aufweisen\" \/>\n<meta property=\"og:url\" content=\"https:\/\/tellmann-consulting.com\/en\/management\/\" \/>\n<meta property=\"og:site_name\" content=\"Tellmann-Consulting\" \/>\n<meta property=\"article:modified_time\" content=\"2021-05-17T09:27:33+00:00\" \/>\n<meta property=\"og:image\" content=\"https:\/\/tellmann-consulting.com\/wp-content\/uploads\/2021\/03\/Tellmann-Ralf-01-Querformat-optimiert1-768x533.jpg\" \/>\n<meta name=\"twitter:card\" content=\"summary_large_image\" \/>\n<meta name=\"twitter:label1\" content=\"Est. reading time\" \/>\n\t<meta name=\"twitter:data1\" content=\"2 minutes\" \/>\n<script type=\"application\/ld+json\" class=\"yoast-schema-graph\">{\"@context\":\"https:\/\/schema.org\",\"@graph\":[{\"@type\":\"WebPage\",\"@id\":\"https:\/\/tellmann-consulting.com\/en\/management\/\",\"url\":\"https:\/\/tellmann-consulting.com\/en\/management\/\",\"name\":\"Management - Tellmann-Consulting\",\"isPartOf\":{\"@id\":\"https:\/\/tellmann-consulting.com\/en\/#website\"},\"primaryImageOfPage\":{\"@id\":\"https:\/\/tellmann-consulting.com\/en\/management\/#primaryimage\"},\"image\":{\"@id\":\"https:\/\/tellmann-consulting.com\/en\/management\/#primaryimage\"},\"thumbnailUrl\":\"https:\/\/tellmann-consulting.com\/wp-content\/uploads\/2021\/03\/Tellmann-Ralf-01-Querformat-optimiert1-768x533.jpg\",\"datePublished\":\"2021-03-10T12:27:39+00:00\",\"dateModified\":\"2021-05-17T09:27:33+00:00\",\"description\":\"Da wir unser nachhaltiges Handeln langfristig am Markt ausrichten, vertreten wir ehrlichen und kooperativen Leitgedanken. Ralf Tellmann ist Gr\u00fcnder, Inhaber und Gesch\u00e4ftsf\u00fchrer der Tellmann Consulting GmbH. Wir arbeiten mit einem verl\u00e4sslichen und erfahrenen Netzwerk, um den W\u00fcnschen des Kunden gerecht zu werden. Referenzen k\u00f6nnen wir mit \u00fcber 25 Jahren Berufserfahrung aufweisen\",\"breadcrumb\":{\"@id\":\"https:\/\/tellmann-consulting.com\/en\/management\/#breadcrumb\"},\"inLanguage\":\"en-US\",\"potentialAction\":[{\"@type\":\"ReadAction\",\"target\":[\"https:\/\/tellmann-consulting.com\/en\/management\/\"]}]},{\"@type\":\"ImageObject\",\"inLanguage\":\"en-US\",\"@id\":\"https:\/\/tellmann-consulting.com\/en\/management\/#primaryimage\",\"url\":\"https:\/\/tellmann-consulting.com\/wp-content\/uploads\/2021\/03\/Tellmann-Ralf-01-Querformat-optimiert1-768x533.jpg\",\"contentUrl\":\"https:\/\/tellmann-consulting.com\/wp-content\/uploads\/2021\/03\/Tellmann-Ralf-01-Querformat-optimiert1-768x533.jpg\"},{\"@type\":\"BreadcrumbList\",\"@id\":\"https:\/\/tellmann-consulting.com\/en\/management\/#breadcrumb\",\"itemListElement\":[{\"@type\":\"ListItem\",\"position\":1,\"name\":\"Startseite\",\"item\":\"https:\/\/tellmann-consulting.com\/en\/\"},{\"@type\":\"ListItem\",\"position\":2,\"name\":\"Management\"}]},{\"@type\":\"WebSite\",\"@id\":\"https:\/\/tellmann-consulting.com\/en\/#website\",\"url\":\"https:\/\/tellmann-consulting.com\/en\/\",\"name\":\"Tellmann-Consulting\",\"description\":\"Source The Best - Forget The Rest\",\"publisher\":{\"@id\":\"https:\/\/tellmann-consulting.com\/en\/#organization\"},\"potentialAction\":[{\"@type\":\"SearchAction\",\"target\":{\"@type\":\"EntryPoint\",\"urlTemplate\":\"https:\/\/tellmann-consulting.com\/en\/?s={search_term_string}\"},\"query-input\":{\"@type\":\"PropertyValueSpecification\",\"valueRequired\":true,\"valueName\":\"search_term_string\"}}],\"inLanguage\":\"en-US\"},{\"@type\":\"Organization\",\"@id\":\"https:\/\/tellmann-consulting.com\/en\/#organization\",\"name\":\"Tellmann Consulting GmbH\",\"url\":\"https:\/\/tellmann-consulting.com\/en\/\",\"logo\":{\"@type\":\"ImageObject\",\"inLanguage\":\"en-US\",\"@id\":\"https:\/\/tellmann-consulting.com\/en\/#\/schema\/logo\/image\/\",\"url\":\"https:\/\/tellmann-consulting.com\/wp-content\/uploads\/2021\/03\/TC_Logo_web_V2.png\",\"contentUrl\":\"https:\/\/tellmann-consulting.com\/wp-content\/uploads\/2021\/03\/TC_Logo_web_V2.png\",\"width\":475,\"height\":106,\"caption\":\"Tellmann Consulting GmbH\"},\"image\":{\"@id\":\"https:\/\/tellmann-consulting.com\/en\/#\/schema\/logo\/image\/\"},\"sameAs\":[\"https:\/\/youtu.be\/Wq4w0Pic6lg\"]}]}<\/script>\n<!-- \/ Yoast SEO plugin. -->","yoast_head_json":{"title":"Management - Tellmann-Consulting","description":"Da wir unser nachhaltiges Handeln langfristig am Markt ausrichten, vertreten wir ehrlichen und kooperativen Leitgedanken. Ralf Tellmann ist Gr\u00fcnder, Inhaber und Gesch\u00e4ftsf\u00fchrer der Tellmann Consulting GmbH. Wir arbeiten mit einem verl\u00e4sslichen und erfahrenen Netzwerk, um den W\u00fcnschen des Kunden gerecht zu werden. Referenzen k\u00f6nnen wir mit \u00fcber 25 Jahren Berufserfahrung aufweisen","robots":{"index":"index","follow":"follow","max-snippet":"max-snippet:-1","max-image-preview":"max-image-preview:large","max-video-preview":"max-video-preview:-1"},"canonical":"https:\/\/tellmann-consulting.com\/en\/management\/","og_locale":"en_US","og_type":"article","og_title":"Management - Tellmann-Consulting","og_description":"Da wir unser nachhaltiges Handeln langfristig am Markt ausrichten, vertreten wir ehrlichen und kooperativen Leitgedanken. Ralf Tellmann ist Gr\u00fcnder, Inhaber und Gesch\u00e4ftsf\u00fchrer der Tellmann Consulting GmbH. Wir arbeiten mit einem verl\u00e4sslichen und erfahrenen Netzwerk, um den W\u00fcnschen des Kunden gerecht zu werden. Referenzen k\u00f6nnen wir mit \u00fcber 25 Jahren Berufserfahrung aufweisen","og_url":"https:\/\/tellmann-consulting.com\/en\/management\/","og_site_name":"Tellmann-Consulting","article_modified_time":"2021-05-17T09:27:33+00:00","og_image":[{"url":"https:\/\/tellmann-consulting.com\/wp-content\/uploads\/2021\/03\/Tellmann-Ralf-01-Querformat-optimiert1-768x533.jpg","type":"","width":"","height":""}],"twitter_card":"summary_large_image","twitter_misc":{"Est. reading time":"2 minutes"},"schema":{"@context":"https:\/\/schema.org","@graph":[{"@type":"WebPage","@id":"https:\/\/tellmann-consulting.com\/en\/management\/","url":"https:\/\/tellmann-consulting.com\/en\/management\/","name":"Management - Tellmann-Consulting","isPartOf":{"@id":"https:\/\/tellmann-consulting.com\/en\/#website"},"primaryImageOfPage":{"@id":"https:\/\/tellmann-consulting.com\/en\/management\/#primaryimage"},"image":{"@id":"https:\/\/tellmann-consulting.com\/en\/management\/#primaryimage"},"thumbnailUrl":"https:\/\/tellmann-consulting.com\/wp-content\/uploads\/2021\/03\/Tellmann-Ralf-01-Querformat-optimiert1-768x533.jpg","datePublished":"2021-03-10T12:27:39+00:00","dateModified":"2021-05-17T09:27:33+00:00","description":"Da wir unser nachhaltiges Handeln langfristig am Markt ausrichten, vertreten wir ehrlichen und kooperativen Leitgedanken. Ralf Tellmann ist Gr\u00fcnder, Inhaber und Gesch\u00e4ftsf\u00fchrer der Tellmann Consulting GmbH. Wir arbeiten mit einem verl\u00e4sslichen und erfahrenen Netzwerk, um den W\u00fcnschen des Kunden gerecht zu werden. Referenzen k\u00f6nnen wir mit \u00fcber 25 Jahren Berufserfahrung aufweisen","breadcrumb":{"@id":"https:\/\/tellmann-consulting.com\/en\/management\/#breadcrumb"},"inLanguage":"en-US","potentialAction":[{"@type":"ReadAction","target":["https:\/\/tellmann-consulting.com\/en\/management\/"]}]},{"@type":"ImageObject","inLanguage":"en-US","@id":"https:\/\/tellmann-consulting.com\/en\/management\/#primaryimage","url":"https:\/\/tellmann-consulting.com\/wp-content\/uploads\/2021\/03\/Tellmann-Ralf-01-Querformat-optimiert1-768x533.jpg","contentUrl":"https:\/\/tellmann-consulting.com\/wp-content\/uploads\/2021\/03\/Tellmann-Ralf-01-Querformat-optimiert1-768x533.jpg"},{"@type":"BreadcrumbList","@id":"https:\/\/tellmann-consulting.com\/en\/management\/#breadcrumb","itemListElement":[{"@type":"ListItem","position":1,"name":"Startseite","item":"https:\/\/tellmann-consulting.com\/en\/"},{"@type":"ListItem","position":2,"name":"Management"}]},{"@type":"WebSite","@id":"https:\/\/tellmann-consulting.com\/en\/#website","url":"https:\/\/tellmann-consulting.com\/en\/","name":"Tellmann-Consulting","description":"Source The Best - Forget The Rest","publisher":{"@id":"https:\/\/tellmann-consulting.com\/en\/#organization"},"potentialAction":[{"@type":"SearchAction","target":{"@type":"EntryPoint","urlTemplate":"https:\/\/tellmann-consulting.com\/en\/?s={search_term_string}"},"query-input":{"@type":"PropertyValueSpecification","valueRequired":true,"valueName":"search_term_string"}}],"inLanguage":"en-US"},{"@type":"Organization","@id":"https:\/\/tellmann-consulting.com\/en\/#organization","name":"Tellmann Consulting GmbH","url":"https:\/\/tellmann-consulting.com\/en\/","logo":{"@type":"ImageObject","inLanguage":"en-US","@id":"https:\/\/tellmann-consulting.com\/en\/#\/schema\/logo\/image\/","url":"https:\/\/tellmann-consulting.com\/wp-content\/uploads\/2021\/03\/TC_Logo_web_V2.png","contentUrl":"https:\/\/tellmann-consulting.com\/wp-content\/uploads\/2021\/03\/TC_Logo_web_V2.png","width":475,"height":106,"caption":"Tellmann Consulting GmbH"},"image":{"@id":"https:\/\/tellmann-consulting.com\/en\/#\/schema\/logo\/image\/"},"sameAs":["https:\/\/youtu.be\/Wq4w0Pic6lg"]}]}},"_links":{"self":[{"href":"https:\/\/tellmann-consulting.com\/en\/wp-json\/wp\/v2\/pages\/2344","targetHints":{"allow":["GET"]}}],"collection":[{"href":"https:\/\/tellmann-consulting.com\/en\/wp-json\/wp\/v2\/pages"}],"about":[{"href":"https:\/\/tellmann-consulting.com\/en\/wp-json\/wp\/v2\/types\/page"}],"author":[{"embeddable":true,"href":"https:\/\/tellmann-consulting.com\/en\/wp-json\/wp\/v2\/users\/1"}],"replies":[{"embeddable":true,"href":"https:\/\/tellmann-consulting.com\/en\/wp-json\/wp\/v2\/comments?post=2344"}],"version-history":[{"count":0,"href":"https:\/\/tellmann-consulting.com\/en\/wp-json\/wp\/v2\/pages\/2344\/revisions"}],"wp:attachment":[{"href":"https:\/\/tellmann-consulting.com\/en\/wp-json\/wp\/v2\/media?parent=2344"}],"curies":[{"name":"wp","href":"https:\/\/api.w.org\/{rel}","templated":true}]}}